{"id":329,"date":"2023-06-26T16:45:50","date_gmt":"2023-06-26T16:45:50","guid":{"rendered":"http:\/\/www.heladeriaselsueno.com\/?page_id=329"},"modified":"2023-07-30T18:07:57","modified_gmt":"2023-07-30T18:07:57","slug":"nuestras-tiendas","status":"publish","type":"page","link":"https:\/\/www.heladeriaselsueno.com\/?page_id=329","title":{"rendered":"Nuestras tiendas"},"content":{"rendered":"<style>\/*! elementor - v3.14.0 - 26-06-2023 *\/\n.elementor-column .elementor-spacer-inner{height:var(--spacer-size)}.e-con{--container-widget-width:100%}.e-con-inner>.elementor-widget-spacer,.e-con>.elementor-widget-spacer{width:var(--container-widget-width,var(--spacer-size));--align-self:var(--container-widget-align-self,initial);--flex-shrink:0}.e-con-inner>.elementor-widget-spacer>.elementor-widget-container,.e-con-inner>.elementor-widget-spacer>.elementor-widget-container>.elementor-spacer,.e-con>.elementor-widget-spacer>.elementor-widget-container,.e-con>.elementor-widget-spacer>.elementor-widget-container>.elementor-spacer{height:100%}.e-con-inner>.elementor-widget-spacer>.elementor-widget-container>.elementor-spacer>.elementor-spacer-inner,.e-con>.elementor-widget-spacer>.elementor-widget-container>.elementor-spacer>.elementor-spacer-inner{height:var(--container-widget-height,var(--spacer-size))}<\/style>\n<style>\/*! elementor - v3.14.0 - 26-06-2023 *\/\n.elementor-heading-title{padding:0;margin:0;line-height:1}.elementor-widget-heading .elementor-heading-title[class*=elementor-size-]>a{color:inherit;font-size:inherit;line-height:inherit}.elementor-widget-heading .elementor-heading-title.elementor-size-small{font-size:15px}.elementor-widget-heading .elementor-heading-title.elementor-size-medium{font-size:19px}.elementor-widget-heading .elementor-heading-title.elementor-size-large{font-size:29px}.elementor-widget-heading .elementor-heading-title.elementor-size-xl{font-size:39px}.elementor-widget-heading .elementor-heading-title.elementor-size-xxl{font-size:59px}<\/style>\n<h2>D\u00d3NDE ESTAMOS<\/h2>\n<h2>NUESTRAS HELADER\u00cdAS<\/h2>\n<p>\t\tLos establecimientos de El Sue\u00f1o se han creado y dise\u00f1ado para que resulten acogedores,<br \/>\ncuidando los detalles para que el cliente se sienta a gusto y bien recibido.<br \/>\nLa ubicaci\u00f3n privilegiada de los dos locales en zonas alegres y din\u00e1micas de Candelaria,<br \/>\ncerca del mar y de la Bas\u00edlica, crea un ambiente de relajaci\u00f3n y paseo tanto para nuestros vecinos<br \/>\ncomo para los miles de turistas que nos visitan cada d\u00eda.<br \/>\nLas helader\u00edas El Sue\u00f1o ponen desde hace a\u00f1os el toque fresco, dulce y saludable<br \/>\nen los paseos de propios y for\u00e1neos de esta preciosa villa de Tenerife.\t\t<\/p>\n<style>\/*! elementor - v3.14.0 - 26-06-2023 *\/\n.elementor-widget-google_maps .elementor-widget-container{overflow:hidden}.elementor-widget-google_maps .elementor-custom-embed{line-height:0}.elementor-widget-google_maps iframe{height:300px}<\/style>\n<p>\t\t\t<iframe loading=\"lazy\"\n\t\t\t\t\tsrc=\"https:\/\/maps.google.com\/maps?q=Avenida%20Mar%C3%ADtima%2033%2C%20Candelaria&#038;t=m&#038;z=15&#038;output=embed&#038;iwloc=near\"\n\t\t\t\t\ttitle=\"Avenida Mar\u00edtima 33, Candelaria\"\n\t\t\t\t\taria-label=\"Avenida Mar\u00edtima 33, Candelaria\"\n\t\t\t><\/iframe><\/p>\n<style>\/*! elementor - v3.14.0 - 26-06-2023 *\/\n.elementor-widget-image{text-align:center}.elementor-widget-image a{display:inline-block}.elementor-widget-image a img[src$=\".svg\"]{width:48px}.elementor-widget-image img{vertical-align:middle;display:inline-block}<\/style>\n<p>\t\t\t\t\t\t\t\t\t\t\t\t<img decoding=\"async\" width=\"1024\" height=\"627\" src=\"https:\/\/www.heladeriaselsueno.com\/wp-content\/uploads\/2023\/07\/foto-playa-el-sueno-1024x627.jpg\" alt=\"\" loading=\"lazy\" srcset=\"https:\/\/www.heladeriaselsueno.com\/wp-content\/uploads\/2023\/07\/foto-playa-el-sueno-1024x627.jpg 1024w, https:\/\/www.heladeriaselsueno.com\/wp-content\/uploads\/2023\/07\/foto-playa-el-sueno-300x184.jpg 300w, https:\/\/www.heladeriaselsueno.com\/wp-content\/uploads\/2023\/07\/foto-playa-el-sueno-768x471.jpg 768w, https:\/\/www.heladeriaselsueno.com\/wp-content\/uploads\/2023\/07\/foto-playa-el-sueno.jpg 1456w\" sizes=\"auto, (max-width: 1024px) 100vw, 1024px\" \/><br \/>\n\t\t\t\t\t\t\t\t\t\t\t\t\t\t\t<img decoding=\"async\" width=\"1024\" height=\"627\" src=\"https:\/\/www.heladeriaselsueno.com\/wp-content\/uploads\/2023\/07\/foto-heladeria-basilica-1024x627.jpg\" alt=\"\" loading=\"lazy\" srcset=\"https:\/\/www.heladeriaselsueno.com\/wp-content\/uploads\/2023\/07\/foto-heladeria-basilica-1024x627.jpg 1024w, https:\/\/www.heladeriaselsueno.com\/wp-content\/uploads\/2023\/07\/foto-heladeria-basilica-300x184.jpg 300w, https:\/\/www.heladeriaselsueno.com\/wp-content\/uploads\/2023\/07\/foto-heladeria-basilica-768x471.jpg 768w, https:\/\/www.heladeriaselsueno.com\/wp-content\/uploads\/2023\/07\/foto-heladeria-basilica.jpg 1456w\" sizes=\"auto, (max-width: 1024px) 100vw, 1024px\" \/><br \/>\n\t\t\t<iframe loading=\"lazy\"\n\t\t\t\t\tsrc=\"https:\/\/maps.google.com\/maps?q=C%2FObispo%20P%C3%A9rez%20C%C3%A1ceres%2049%2C%20Candelaria&#038;t=m&#038;z=15&#038;output=embed&#038;iwloc=near\"\n\t\t\t\t\ttitle=\"C\/Obispo P\u00e9rez C\u00e1ceres 49, Candelaria\"\n\t\t\t\t\taria-label=\"C\/Obispo P\u00e9rez C\u00e1ceres 49, Candelaria\"\n\t\t\t><\/iframe><\/p>\n<p role=\"status\" aria-live=\"polite\" aria-atomic=\"true\">\n<ul><\/ul>\n<form action=\"\/wp-admin\/admin-ajax.php#wpcf7-f405-o1\" method=\"post\" aria-label=\"Formulario de contacto\" novalidate=\"novalidate\" data-status=\"init\">\n<input type=\"hidden\" name=\"_wpcf7\" value=\"405\" \/><br \/>\n<input type=\"hidden\" name=\"_wpcf7_version\" value=\"5.7.7\" \/><br \/>\n<input type=\"hidden\" name=\"_wpcf7_locale\" value=\"es_ES\" \/><br \/>\n<input type=\"hidden\" name=\"_wpcf7_unit_tag\" value=\"wpcf7-f405-o1\" \/><br \/>\n<input type=\"hidden\" name=\"_wpcf7_container_post\" value=\"0\" \/><br \/>\n<input type=\"hidden\" name=\"_wpcf7_posted_data_hash\" value=\"\" \/><\/p>\n<p><label> Tu nombre<br \/>\n<input size=\"40\" autocomplete=\"name\" aria-required=\"true\" aria-invalid=\"false\" value=\"\" type=\"text\" name=\"your-name\" \/> <\/label>\n<\/p>\n<p><label> Tu correo electr\u00f3nico<br \/>\n<input size=\"40\" autocomplete=\"email\" aria-required=\"true\" aria-invalid=\"false\" value=\"\" type=\"email\" name=\"your-email\" \/> <\/label>\n<\/p>\n<p><label> Asunto<br \/>\n<input size=\"40\" aria-required=\"true\" aria-invalid=\"false\" value=\"\" type=\"text\" name=\"your-subject\" \/> <\/label>\n<\/p>\n<p><label> Tu mensaje (opcional)<br \/>\n<textarea cols=\"40\" rows=\"10\" aria-invalid=\"false\" name=\"your-message\"><\/textarea> <\/label>\n<\/p>\n<p><input type=\"submit\" value=\"Enviar\" \/>\n<\/p>\n<\/form>\n","protected":false},"excerpt":{"rendered":"<p>D\u00d3NDE ESTAMOS NUESTRAS HELADER\u00cdAS Los establecimientos de El Sue\u00f1o se han creado y dise\u00f1ado para que resulten acogedores, cuidando los detalles para que el cliente se sienta a gusto y bien recibido. La ubicaci\u00f3n privilegiada de los dos locales en zonas alegres y din\u00e1micas de Candelaria, cerca del mar y de la Bas\u00edlica, crea un [&hellip;]<\/p>\n","protected":false},"author":1,"featured_media":0,"parent":0,"menu_order":0,"comment_status":"closed","ping_status":"closed","template":"elementor_header_footer","meta":{"footnotes":""},"class_list":["post-329","page","type-page","status-publish","hentry","entry"],"_links":{"self":[{"href":"https:\/\/www.heladeriaselsueno.com\/index.php?rest_route=\/wp\/v2\/pages\/329","targetHints":{"allow":["GET"]}}],"collection":[{"href":"https:\/\/www.heladeriaselsueno.com\/index.php?rest_route=\/wp\/v2\/pages"}],"about":[{"href":"https:\/\/www.heladeriaselsueno.com\/index.php?rest_route=\/wp\/v2\/types\/page"}],"author":[{"embeddable":true,"href":"https:\/\/www.heladeriaselsueno.com\/index.php?rest_route=\/wp\/v2\/users\/1"}],"replies":[{"embeddable":true,"href":"https:\/\/www.heladeriaselsueno.com\/index.php?rest_route=%2Fwp%2Fv2%2Fcomments&post=329"}],"version-history":[{"count":34,"href":"https:\/\/www.heladeriaselsueno.com\/index.php?rest_route=\/wp\/v2\/pages\/329\/revisions"}],"predecessor-version":[{"id":876,"href":"https:\/\/www.heladeriaselsueno.com\/index.php?rest_route=\/wp\/v2\/pages\/329\/revisions\/876"}],"wp:attachment":[{"href":"https:\/\/www.heladeriaselsueno.com\/index.php?rest_route=%2Fwp%2Fv2%2Fmedia&parent=329"}],"curies":[{"name":"wp","href":"https:\/\/api.w.org\/{rel}","templated":true}]}}